{"id":2,"date":"2019-12-03T19:46:47","date_gmt":"2019-12-03T19:46:47","guid":{"rendered":"http:\/\/wordpress.lcmexpeditie.blkzl.nl\/?page_id=2"},"modified":"2025-02-24T11:47:45","modified_gmt":"2025-02-24T10:47:45","slug":"homepage","status":"publish","type":"page","link":"https:\/\/www.vdstransport.nl\/de\/","title":{"rendered":"Homepage"},"content":{"rendered":"<h1><strong>Van Der Sluis Transport<\/strong><\/h1>\n<p>\n    <a href=\"mailto:info@vdstransport.nl\">Kontaktieren Sie uns<\/a>\n<\/p>\n<p><video src=\"\/de\/wp-content\/uploads\/2024\/11\/Ontwerp-zonder-titel-2-1.mp4\" poster=\"\"><\/video><\/p>\n<h6>\n<p data-start=\"0\" data-end=\"242\">Van der Sluis Transport ist ein internationales Transportunternehmen, das auf Transporte von und nach Skandinavien spezialisiert ist und in Rogat ans\u00e4ssig ist. Zuverl\u00e4ssiger, schneller und flexibler Transport f\u00fcr all Ihre Logistikbed\u00fcrfnisse.<\/p>\n<p data-start=\"244\" data-end=\"323\" data-is-last-node=\"\" data-is-only-node=\"\">Neugierig, was wir f\u00fcr Sie tun k\u00f6nnen? Klicken Sie <a href=\"mailto:info@vdstransport.nl\">hier<\/a> f\u00fcr alle M\u00f6glichkeiten.<\/p>\n<\/h6>\n<h2>Unsere Dienstleistungen<\/h2>\n<div>\n<p style=\"text-align: center;\">Bei VDS Transport stehen Zuverl\u00e4ssigkeit und Flexibilit\u00e4t im Mittelpunkt. Sehen Sie sich unser vollst\u00e4ndiges Dienstleistungsangebot an und erleben Sie, was wir f\u00fcr Ihr Unternehmen tun k\u00f6nnen.<\/p>\n<\/div>\n<ul>\n<li>\n<h3>VDS Transport<\/h3>\n<div>\n<p><strong>Walking floor transport<\/strong><\/p>\n<\/div>\n<\/li>\n<li>\n<h3>LCM expeditie<\/h3>\n<div>\n<p><strong>Tautliner transport<\/strong><\/p>\n<\/div>\n<\/li>\n<\/ul>\n<p>\n    <a href=\"\/de\/diensten-vds\/\">Alle Dienstleistungen ansehen<\/a>\n<\/p>\n<p><a href=\"#\"><img decoding=\"async\" src=\"\/de\/wp-content\/uploads\/2024\/11\/web-diensten-4-LCM.jpg\" alt=\"\"><\/a><\/p>\n<h1>Arbeiten bei Van der Sluis Transport<\/h1>\n<p>\n    <a href=\"\/de\/werken-bij-vds\/\">Alle Stellenangebote ansehen<\/a>\n<\/p>\n<ul>\n<li>\n<h3>Fahrer f\u00fcr internationalen Planentransport<\/h3>\n<div>\n<p style=\"text-align: center;\"><span>Hours: <strong>32-40<\/strong><\/span><\/p>\n<p>Function: <strong>CE-Fahrer<\/strong><\/p>\n<p>Status: <strong>Open<\/strong><\/p>\n<\/div>\n<p><a href=\"\/de\/vacature-internationaal-huiftransport\/\">Stellenanzeige ansehen<\/a><\/p>\n<\/li>\n<li>\n<h3>LZV chauffeur binnenland<\/h3>\n<div>\n<p style=\"text-align: center;\"><span>Hours: <strong>32-40<\/strong><\/span><\/p>\n<p>Function: <strong>LZV-Fahrer<\/strong><\/p>\n<p>Status: <strong>Open<\/strong><\/p>\n<\/div>\n<p><a href=\"\/de\/lzv-chauffeur-binnenland\/\">Stellenanzeige ansehen<\/a><\/p>\n<\/li>\n<li>\n<h3>Fahrer f\u00fcr internationalen Bulktransport<\/h3>\n<div>\n<p style=\"text-align: center;\"><span>Hours: <strong>32-40<\/strong><\/span><\/p>\n<p>Function: <strong>CE-Fahrer<\/strong><\/p>\n<p>Status: <strong>Open<\/strong><\/p>\n<\/div>\n<p><a href=\"\/de\/vacature-ce-losse-stort\/\">Stellenanzeige ansehen<\/a><\/p>\n<\/li>\n<li>\n<h3>Wochenendhilfe im Lager<\/h3>\n<div>\n<p style=\"text-align: center;\"><span>Hours: <strong>32-40<\/strong><\/span><\/p>\n<p>Function:<strong>Wochenendhilfe <\/strong><\/p>\n<p>Status: <strong>Open<\/strong><\/p>\n<\/div>\n<p><a href=\"\/de\/vacature-weekendhulp-magazijn\/\">Stellenanzeige ansehen<\/a><\/p>\n<\/li>\n<\/ul>\n<h1>\n<h2 class=\"uk-h1 uk-text-center uk-scrollspy-inview\" data-id=\"page#3-0-0-0\" data-element=\"\" uk-scrollspy-class=\"\">Neugierig, was VDS f\u00fcr Sie tun kann?<\/h2>\n<\/h1>\n<hr>\n<div>\n<p data-start=\"0\" data-end=\"296\">Mit mehr als 40 Jahren Erfahrung und einem engagierten Team von Fachleuten sind wir bereit, Ihre Logistikprozesse zu optimieren. Kontaktieren Sie uns noch heute und entdecken Sie, wie unsere zuverl\u00e4ssigen L\u00f6sungen und unser pers\u00f6nlicher Ansatz einen Unterschied f\u00fcr Ihr Unternehmen machen k\u00f6nnen!<\/p>\n<p data-start=\"298\" data-end=\"786\" data-is-last-node=\"\" data-is-only-node=\"\">Wir bieten zuverl\u00e4ssige Transportdienstleistungen nach Skandinavien, mit umfangreicher Erfahrung im Transport nach D\u00e4nemark, Schweden und Norwegen. Egal, ob Sie Frachttransport nach Schweden, Distribution nach Norwegen oder internationalen Transport nach D\u00e4nemark suchen, wir bieten flexible und effiziente Logistikl\u00f6sungen f\u00fcr Nordeuropa. Wir gew\u00e4hrleisten eine schnelle Lieferung und zuverl\u00e4ssigen Service, damit Ihr G\u00fctertransport nach Skandinavien reibungslos und problemlos verl\u00e4uft.<\/p>\n<\/div>\n<ul>\n<li><a href=\"https:\/\/www.facebook.com\/vdstransport\">facebook<\/a>\n<\/li>\n<li><a href=\"https:\/\/www.linkedin.com\/company\/van-der-sluis-transport\">linkedin<\/a>\n<\/li>\n<li><a href=\"https:\/\/www.instagram.com\/vdstransport_lcmexpeditie\">instagram<\/a>\n<\/li>\n<\/ul>\n<p>\n    <a href=\"\/de\/contact\/\">gegevens bekijken<\/a>\n<\/p>\n<p><!--more--><br \/>\n<!-- {\"type\":\"layout\",\"children\":[{\"name\":\"Hero\",\"type\":\"section\",\"props\":{\"animation\":\"slide-left\",\"animation_delay\":false,\"header_transparent\":true,\"image\":\"wp-content\\\/uploads\\\/2025\\\/01\\\/Ontwerp-zonder-titel-26.png\",\"image_loading\":true,\"image_position\":\"center-center\",\"image_size\":\"cover\",\"image_width\":\"2560\",\"overlap\":true,\"padding\":\"xlarge\",\"style\":\"default\",\"text_color\":\"light\",\"title_breakpoint\":\"xl\",\"title_position\":\"top-left\",\"title_rotation\":\"left\",\"vertical_align\":\"\",\"width\":\"default\"},\"children\":[{\"type\":\"row\",\"children\":[{\"type\":\"column\",\"props\":{\"image_position\":\"center-center\",\"position_sticky_breakpoint\":\"m\",\"width_medium\":\"1-1\"},\"children\":[{\"type\":\"headline\",\"props\":{\"content\":\"<strong>Van Der Sluis Transport<\\\/strong>\",\"margin\":\"medium\",\"maxwidth\":\"xlarge\",\"text_align\":\"left\",\"title_element\":\"h1\",\"title_style\":\"heading-medium\"}},{\"type\":\"button\",\"props\":{\"grid_column_gap\":\"small\",\"grid_row_gap\":\"small\",\"margin\":\"default\",\"text_align\":\"left\"},\"children\":[{\"type\":\"button_item\",\"props\":{\"button_style\":\"secondary\",\"content\":\"Kontaktieren Sie uns\",\"dialog_layout\":\"modal\",\"dialog_offcanvas_flip\":true,\"icon_align\":\"left\",\"link\":\"mailto:info@vdstransport.nl\"}}]}]}]}]},{\"name\":\"Project 01\",\"type\":\"section\",\"props\":{\"animation\":\"slide-top-medium\",\"header_transparent\":true,\"image_position\":\"center-center\",\"image_size\":\"cover\",\"overlap\":false,\"padding\":\"large\",\"preserve_color\":false,\"style\":\"secondary\",\"title_breakpoint\":\"xl\",\"title_position\":\"top-left\",\"title_rotation\":\"left\",\"vertical_align\":\"\",\"width\":\"default\"},\"children\":[{\"type\":\"row\",\"props\":{\"column_gap\":\"large\",\"layout\":\"2-3,1-3\",\"row_gap\":\"large\"},\"children\":[{\"type\":\"column\",\"props\":{\"image_position\":\"center-center\",\"position_sticky_breakpoint\":\"m\",\"vertical_align\":\"middle\",\"width_medium\":\"2-3\"},\"children\":[{\"type\":\"video\",\"props\":{\"margin\":\"default\",\"text_align\":\"left\",\"video\":\"wp-content\\\/uploads\\\/2024\\\/11\\\/Ontwerp-zonder-titel-2-1.mp4\",\"video_autoplay\":\"inview\",\"video_box_decoration\":\"shadow\",\"video_box_shadow\":\"small\",\"video_controls\":false,\"video_lazyload\":true,\"video_loop\":true,\"video_muted\":true,\"video_playsinline\":true,\"video_width\":\"919\",\"visibility\":\"m\"}}]},{\"type\":\"column\",\"props\":{\"image_position\":\"center-center\",\"position_sticky_breakpoint\":\"m\",\"vertical_align\":\"middle\",\"width_medium\":\"1-3\"},\"children\":[{\"type\":\"headline\",\"props\":{\"animation\":\"scale-up\",\"block_align\":\"center\",\"content\":\"\n\n<p data-start=\\\"0\\\" data-end=\\\"242\\\">Van der Sluis Transport ist ein internationales Transportunternehmen, das auf Transporte von und nach Skandinavien spezialisiert ist und in Rogat ans\\u00e4ssig ist. Zuverl\\u00e4ssiger, schneller und flexibler Transport f\\u00fcr all Ihre Logistikbed\\u00fcrfnisse.<\\\/p>\\n\n\n<p data-start=\\\"244\\\" data-end=\\\"323\\\" data-is-last-node=\\\"\\\" data-is-only-node=\\\"\\\">Neugierig, was wir f\\u00fcr Sie tun k\\u00f6nnen? Klicken Sie <a href=\\\"mailto:info@vdstransport.nl\\\">hier<\\\/a> f\\u00fcr alle M\\u00f6glichkeiten.<\\\/p>\",\"margin_remove_bottom\":true,\"margin_remove_top\":true,\"maxwidth\":\"large\",\"text_align\":\"center\",\"title_element\":\"h6\",\"title_style\":\"text-small\"}}]}]}]},{\"name\":\"Project 02\",\"type\":\"section\",\"props\":{\"animation\":\"scale-up\",\"image_position\":\"center-center\",\"image_size\":\"cover\",\"overlap\":false,\"padding\":\"large\",\"style\":\"default\",\"text_color\":\"dark\",\"title_breakpoint\":\"xl\",\"title_position\":\"top-left\",\"title_rotation\":\"left\",\"vertical_align\":\"\",\"width\":\"default\"},\"children\":[{\"type\":\"row\",\"props\":{\"layout\":\"1-3,2-3\"},\"children\":[{\"type\":\"column\",\"props\":{\"image_position\":\"center-center\",\"position_sticky_breakpoint\":\"m\",\"vertical_align\":\"middle\",\"width_medium\":\"1-3\"},\"children\":[{\"type\":\"headline\",\"props\":{\"content\":\"Unsere Dienstleistungen\",\"margin_remove_top\":true,\"text_align\":\"center\",\"title_element\":\"h2\",\"title_style\":\"h1\"}},{\"type\":\"text\",\"props\":{\"column_breakpoint\":\"m\",\"content\":\"\n\n<p style=\\\"text-align: center;\\\">Bei VDS Transport stehen Zuverl\\u00e4ssigkeit und Flexibilit\\u00e4t im Mittelpunkt. Sehen Sie sich unser vollst\\u00e4ndiges Dienstleistungsangebot an und erleben Sie, was wir f\\u00fcr Ihr Unternehmen tun k\\u00f6nnen.<\\\/p>\",\"margin\":\"medium\",\"margin_remove_top\":true}},{\"type\":\"description_list\",\"props\":{\"column_breakpoint\":\"m\",\"layout\":\"grid-2\",\"list_element\":\"ul\",\"list_style\":\"divider\",\"meta_align\":\"below-content\",\"meta_style\":\"text-small\",\"show_content\":true,\"show_link\":true,\"show_meta\":true,\"show_title\":true,\"text_align\":\"center\",\"title_element\":\"h3\",\"title_grid_column_gap\":\"small\",\"title_grid_row_gap\":\"small\",\"title_grid_width\":\"small\",\"title_style\":\"h5\"},\"children\":[{\"type\":\"description_list_item\",\"props\":{\"content\":\"\n\n<p><strong>Walking floor transport<\\\/strong><\\\/p>\",\"title\":\"VDS Transport\"}},{\"type\":\"description_list_item\",\"props\":{\"content\":\"\n\n<p><strong>Tautliner transport<\\\/strong><\\\/p>\",\"title\":\"LCM expeditie\"}}]},{\"type\":\"button\",\"props\":{\"grid_column_gap\":\"small\",\"grid_row_gap\":\"small\",\"margin\":\"medium\",\"text_align\":\"center\"},\"children\":[{\"type\":\"button_item\",\"props\":{\"button_style\":\"secondary\",\"content\":\"Alle Dienstleistungen ansehen\",\"dialog_layout\":\"modal\",\"dialog_offcanvas_flip\":true,\"icon\":\"\",\"icon_align\":\"right\",\"link\":\"diensten-vds\\\/\"}}]}]},{\"type\":\"column\",\"props\":{\"image_position\":\"center-center\",\"position_sticky_breakpoint\":\"m\",\"vertical_align\":\"middle\",\"width_medium\":\"2-3\"},\"children\":[{\"type\":\"image\",\"props\":{\"image\":\"wp-content\\\/uploads\\\/2024\\\/11\\\/web-diensten-4-LCM.jpg\",\"image_svg_color\":\"emphasis\",\"image_width\":\"920\",\"link\":\"#\",\"margin\":\"default\"}}]}]}]},{\"name\":\"Project 02\",\"type\":\"section\",\"props\":{\"animation\":\"slide-left-medium\",\"image\":\"wp-content\\\/uploads\\\/2020\\\/03\\\/HDJFotografie2016-133-of-143-scaled.jpg\",\"image_position\":\"center-center\",\"image_size\":\"cover\",\"media_focal_point\":\"bottom-center\",\"overlap\":true,\"padding\":\"large\",\"style\":\"secondary\",\"text_color\":\"dark\",\"title_breakpoint\":\"xl\",\"title_position\":\"top-left\",\"title_rotation\":\"left\",\"vertical_align\":\"\",\"width\":\"default\"},\"children\":[{\"type\":\"row\",\"children\":[{\"type\":\"column\",\"props\":{\"image_position\":\"center-center\",\"position_sticky_breakpoint\":\"m\",\"vertical_align\":\"middle\"},\"children\":[{\"type\":\"headline\",\"props\":{\"content\":\"Arbeiten bei Van der Sluis Transport\",\"text_align\":\"center\",\"title_color\":\"primary\",\"title_decoration\":\"divider\",\"title_element\":\"h1\"}},{\"type\":\"button\",\"props\":{\"grid_column_gap\":\"small\",\"grid_row_gap\":\"small\",\"margin\":\"medium\",\"text_align\":\"center\"},\"children\":[{\"type\":\"button_item\",\"props\":{\"button_style\":\"primary\",\"content\":\"Alle Stellenangebote ansehen\",\"dialog_layout\":\"modal\",\"dialog_offcanvas_flip\":true,\"icon\":\"\",\"icon_align\":\"right\",\"link\":\"werken-bij-vds\\\/\"}}]},{\"type\":\"grid\",\"props\":{\"content_column_breakpoint\":\"m\",\"filter_align\":\"left\",\"filter_all\":true,\"filter_grid_breakpoint\":\"m\",\"filter_grid_width\":\"auto\",\"filter_position\":\"top\",\"filter_style\":\"tab\",\"grid_default\":\"1\",\"grid_medium\":\"4\",\"grid_parallax_justify\":false,\"grid_row_gap\":\"large\",\"icon_width\":80,\"image_align\":\"bottom\",\"image_grid_breakpoint\":\"m\",\"image_grid_width\":\"1-2\",\"image_svg_color\":\"emphasis\",\"item_animation\":true,\"item_maxwidth\":\"medium\",\"lightbox\":false,\"link_style\":\"default\",\"link_text\":\"Read more\",\"margin\":\"default\",\"meta_align\":\"below-title\",\"meta_element\":\"div\",\"meta_style\":\"text-meta\",\"panel_expand\":\"both\",\"panel_image_no_padding\":false,\"panel_padding\":\"default\",\"panel_style\":\"card-secondary\",\"show_content\":true,\"show_image\":true,\"show_link\":true,\"show_meta\":true,\"show_title\":true,\"text_align\":\"center\",\"title_align\":\"top\",\"title_element\":\"h3\",\"title_grid_breakpoint\":\"m\",\"title_grid_width\":\"1-2\",\"title_hover_style\":\"reset\"},\"children\":[{\"type\":\"grid_item\",\"props\":{\"content\":\"\n\n<p style=\\\"text-align: center;\\\"><span>Hours: <strong>32-40<\\\/strong><\\\/span><\\\/p>\\n\n\n<p>Function: <strong>CE-Fahrer<\\\/strong><\\\/p>\\n\n\n<p>Status: <strong>Open<\\\/strong><\\\/p>\",\"link\":\"vacature-internationaal-huiftransport\\\/\",\"link_text\":\"Stellenanzeige ansehen\",\"panel_style\":\"card-secondary\",\"title\":\"Fahrer f\\u00fcr internationalen Planentransport\"}},{\"type\":\"grid_item\",\"props\":{\"content\":\"\n\n<p><\\\/p>\\n\n\n<p style=\\\"text-align: center;\\\"><span>Hours: <strong>32-40<\\\/strong><\\\/span><\\\/p>\\n\n\n<p>Function: <strong>LZV-Fahrer<\\\/strong><\\\/p>\\n\n\n<p>Status: <strong>Open<\\\/strong><\\\/p>\",\"link\":\"lzv-chauffeur-binnenland\\\/\",\"link_text\":\"Stellenanzeige ansehen\",\"panel_style\":\"tile-secondary\",\"title\":\"LZV chauffeur binnenland\"}},{\"type\":\"grid_item\",\"props\":{\"content\":\"\n\n<p style=\\\"text-align: center;\\\"><span>Hours: <strong>32-40<\\\/strong><\\\/span><\\\/p>\\n\n\n<p>Function: <strong>CE-Fahrer<\\\/strong><\\\/p>\\n\n\n<p>Status: <strong>Open<\\\/strong><\\\/p>\",\"link\":\"vacature-ce-losse-stort\\\/\",\"link_text\":\"Stellenanzeige ansehen\",\"panel_style\":\"card-secondary\",\"title\":\"Fahrer f\\u00fcr internationalen Bulktransport\"}},{\"type\":\"grid_item\",\"props\":{\"content\":\"\n\n<p><\\\/p>\\n\n\n<p style=\\\"text-align: center;\\\"><span>Hours: <strong>32-40<\\\/strong><\\\/span><\\\/p>\\n\n\n<p>Function:<strong>Wochenendhilfe <\\\/strong><\\\/p>\\n\n\n<p>Status: <strong>Open<\\\/strong><\\\/p>\",\"link\":\"vacature-weekendhulp-magazijn\\\/\",\"link_text\":\"Stellenanzeige ansehen\",\"panel_style\":\"card-secondary\",\"title\":\"Wochenendhilfe im Lager\"}}]}]}]},{\"type\":\"row\",\"children\":[{\"type\":\"column\",\"props\":{\"image_position\":\"center-center\",\"position_sticky_breakpoint\":\"m\"}}]}]},{\"name\":\"Project 02\",\"type\":\"section\",\"props\":{\"animation\":\"slide-left-medium\",\"image_position\":\"center-center\",\"image_size\":\"cover\",\"padding\":\"large\",\"style\":\"primary\",\"text_color\":\"dark\",\"title_breakpoint\":\"xl\",\"title_position\":\"top-left\",\"title_rotation\":\"left\",\"vertical_align\":\"\",\"width\":\"default\"},\"children\":[{\"type\":\"row\",\"children\":[{\"type\":\"column\",\"props\":{\"image_position\":\"center-center\",\"position_sticky_breakpoint\":\"m\",\"vertical_align\":\"middle\"},\"children\":[{\"type\":\"headline\",\"props\":{\"content\":\"\n\n<h2 class=\\\"uk-h1 uk-text-center uk-scrollspy-inview\\\" data-id=\\\"page#3-0-0-0\\\" data-element=\\\"\\\" uk-scrollspy-class=\\\"\\\">Neugierig, was VDS f\\u00fcr Sie tun kann?<\\\/h2>\",\"margin\":\"small\",\"title_element\":\"h1\"}},{\"type\":\"divider\",\"props\":{\"divider_element\":\"hr\"}},{\"type\":\"text\",\"props\":{\"block_align\":\"center\",\"column_breakpoint\":\"m\",\"content\":\"\n\n<p data-start=\\\"0\\\" data-end=\\\"296\\\">Mit mehr als 40 Jahren Erfahrung und einem engagierten Team von Fachleuten sind wir bereit, Ihre Logistikprozesse zu optimieren. Kontaktieren Sie uns noch heute und entdecken Sie, wie unsere zuverl\\u00e4ssigen L\\u00f6sungen und unser pers\\u00f6nlicher Ansatz einen Unterschied f\\u00fcr Ihr Unternehmen machen k\\u00f6nnen!<\\\/p>\\n\n\n<p data-start=\\\"298\\\" data-end=\\\"786\\\" data-is-last-node=\\\"\\\" data-is-only-node=\\\"\\\">Wir bieten zuverl\\u00e4ssige Transportdienstleistungen nach Skandinavien, mit umfangreicher Erfahrung im Transport nach D\\u00e4nemark, Schweden und Norwegen. Egal, ob Sie Frachttransport nach Schweden, Distribution nach Norwegen oder internationalen Transport nach D\\u00e4nemark suchen, wir bieten flexible und effiziente Logistikl\\u00f6sungen f\\u00fcr Nordeuropa. Wir gew\\u00e4hrleisten eine schnelle Lieferung und zuverl\\u00e4ssigen Service, damit Ihr G\\u00fctertransport nach Skandinavien reibungslos und problemlos verl\\u00e4uft.<\\\/p>\",\"margin\":\"default\",\"maxwidth\":\"xlarge\",\"text_align\":\"center\"}}]}]}]},{\"name\":\"Services\",\"type\":\"section\",\"props\":{\"animation\":\"fade\",\"animation_delay\":\"200\",\"image\":\"wp-content\\\/uploads\\\/2020\\\/04\\\/HDJFotografie2016-2-of-4-scaled.jpg\",\"image_position\":\"center-center\",\"image_size\":\"cover\",\"padding\":\"large\",\"style\":\"secondary\",\"title_breakpoint\":\"xl\",\"title_position\":\"top-left\",\"title_rotation\":\"left\",\"vertical_align\":\"\",\"width\":\"default\"},\"children\":[{\"type\":\"row\",\"props\":{\"layout\":\"2-3,1-3\"},\"children\":[{\"type\":\"column\",\"props\":{\"image_position\":\"center-center\",\"position_sticky_breakpoint\":\"m\",\"width_small\":\"2-3\"},\"children\":[{\"type\":\"social\",\"props\":{\"grid\":\"horizontal\",\"grid_column_gap\":\"small\",\"grid_row_gap\":\"small\",\"image_svg_inline\":true,\"link_style\":\"button\",\"margin\":\"default\"},\"children\":[{\"type\":\"social_item\",\"props\":{\"link\":\"https:\\\/\\\/www.facebook.com\\\/vdstransport\"}},{\"type\":\"social_item\",\"props\":{\"link\":\"https:\\\/\\\/www.linkedin.com\\\/company\\\/van-der-sluis-transport\"}},{\"type\":\"social_item\",\"props\":{\"link\":\"https:\\\/\\\/www.instagram.com\\\/vdstransport_lcmexpeditie\"}}]},{\"type\":\"button\",\"props\":{\"grid_column_gap\":\"small\",\"grid_row_gap\":\"small\",\"margin\":\"default\",\"text_align\":\"left\",\"text_align_breakpoint\":\"s\"},\"children\":[{\"type\":\"button_item\",\"props\":{\"button_style\":\"secondary\",\"content\":\"gegevens bekijken\",\"dialog_layout\":\"modal\",\"dialog_offcanvas_flip\":true,\"icon\":\"\",\"icon_align\":\"right\",\"link\":\"contact\\\/\"}}]},{\"type\":\"totop\",\"props\":{\"margin\":\"default\",\"margin_remove_bottom\":false,\"position\":\"absolute\",\"position_bottom\":\"-100\",\"title_grid_column_gap\":\"small\",\"title_grid_row_gap\":\"small\"}}]},{\"type\":\"column\",\"props\":{\"image_position\":\"center-center\",\"position_sticky_breakpoint\":\"m\",\"width_small\":\"1-3\"}}]}]}],\"version\":\"4.4.20\"} --><\/p>\n","protected":false},"excerpt":{"rendered":"<p>Van Der Sluis Transport Kontaktieren Sie uns Van der Sluis Transport ist ein internationales Transportunternehmen, das auf Transporte von und nach Skandinavien spezialisiert ist und in Rogat ans\u00e4ssig ist. Zuverl\u00e4ssiger, schneller und flexibler Transport f\u00fcr all Ihre Logistikbed\u00fcrfnisse. Neugierig, was wir f\u00fcr Sie tun k\u00f6nnen? Klicken Sie hier f\u00fcr alle M\u00f6glichkeiten. Unsere Dienstleistungen Bei VDS [&hellip;]<\/p>\n","protected":false},"author":1,"featured_media":0,"parent":0,"menu_order":0,"comment_status":"closed","ping_status":"closed","template":"","meta":{"footnotes":""},"class_list":["post-2","page","type-page","status-publish","hentry"],"yoast_head":"<!-- This site is optimized with the Yoast SEO plugin v24.2 - https:\/\/yoast.com\/wordpress\/plugins\/seo\/ -->\n<title>Homepage - Van Der Sluis Transport (DE)<\/title>\n<meta name=\"robots\" content=\"index, follow, max-snippet:-1, max-image-preview:large, max-video-preview:-1\" \/>\n<link rel=\"canonical\" href=\"https:\/\/www.vdstransport.nl\/de\/\" \/>\n<meta property=\"og:locale\" content=\"en_US\" \/>\n<meta property=\"og:type\" content=\"article\" \/>\n<meta property=\"og:title\" content=\"Homepage - Van Der Sluis Transport (DE)\" \/>\n<meta property=\"og:description\" content=\"Van Der Sluis Transport Kontaktieren Sie uns Van der Sluis Transport ist ein internationales Transportunternehmen, das auf Transporte von und nach Skandinavien spezialisiert ist und in Rogat ans\u00e4ssig ist. Zuverl\u00e4ssiger, schneller und flexibler Transport f\u00fcr all Ihre Logistikbed\u00fcrfnisse. Neugierig, was wir f\u00fcr Sie tun k\u00f6nnen? Klicken Sie hier f\u00fcr alle M\u00f6glichkeiten. Unsere Dienstleistungen Bei VDS [&hellip;]\" \/>\n<meta property=\"og:url\" content=\"https:\/\/www.vdstransport.nl\/de\/\" \/>\n<meta property=\"og:site_name\" content=\"Van Der Sluis Transport (DE)\" \/>\n<meta property=\"article:modified_time\" content=\"2025-02-24T10:47:45+00:00\" \/>\n<meta name=\"twitter:card\" content=\"summary_large_image\" \/>\n<meta name=\"twitter:label1\" content=\"Est. reading time\" \/>\n\t<meta name=\"twitter:data1\" content=\"1 minute\" \/>\n<script type=\"application\/ld+json\" class=\"yoast-schema-graph\">{\"@context\":\"https:\/\/schema.org\",\"@graph\":[{\"@type\":\"WebPage\",\"@id\":\"https:\/\/www.vdstransport.nl\/de\/\",\"url\":\"https:\/\/www.vdstransport.nl\/de\/\",\"name\":\"Homepage - Van Der Sluis Transport (DE)\",\"isPartOf\":{\"@id\":\"https:\/\/www.vdstransport.nl\/de\/#website\"},\"datePublished\":\"2019-12-03T19:46:47+00:00\",\"dateModified\":\"2025-02-24T10:47:45+00:00\",\"breadcrumb\":{\"@id\":\"https:\/\/www.vdstransport.nl\/de\/#breadcrumb\"},\"inLanguage\":\"en-US\",\"potentialAction\":[{\"@type\":\"ReadAction\",\"target\":[\"https:\/\/www.vdstransport.nl\/de\/\"]}]},{\"@type\":\"BreadcrumbList\",\"@id\":\"https:\/\/www.vdstransport.nl\/de\/#breadcrumb\",\"itemListElement\":[{\"@type\":\"ListItem\",\"position\":1,\"name\":\"Home\",\"item\":\"https:\/\/www.vdstransport.nl\/de\/\"},{\"@type\":\"ListItem\",\"position\":2,\"name\":\"Homepage\"}]},{\"@type\":\"WebSite\",\"@id\":\"https:\/\/www.vdstransport.nl\/de\/#website\",\"url\":\"https:\/\/www.vdstransport.nl\/de\/\",\"name\":\"Van Der Sluis Transport (DE)\",\"description\":\"\",\"potentialAction\":[{\"@type\":\"SearchAction\",\"target\":{\"@type\":\"EntryPoint\",\"urlTemplate\":\"https:\/\/www.vdstransport.nl\/de\/?s={search_term_string}\"},\"query-input\":{\"@type\":\"PropertyValueSpecification\",\"valueRequired\":true,\"valueName\":\"search_term_string\"}}],\"inLanguage\":\"en-US\"}]}<\/script>\n<!-- \/ Yoast SEO plugin. -->","yoast_head_json":{"title":"Homepage - Van Der Sluis Transport (DE)","robots":{"index":"index","follow":"follow","max-snippet":"max-snippet:-1","max-image-preview":"max-image-preview:large","max-video-preview":"max-video-preview:-1"},"canonical":"https:\/\/www.vdstransport.nl\/de\/","og_locale":"en_US","og_type":"article","og_title":"Homepage - Van Der Sluis Transport (DE)","og_description":"Van Der Sluis Transport Kontaktieren Sie uns Van der Sluis Transport ist ein internationales Transportunternehmen, das auf Transporte von und nach Skandinavien spezialisiert ist und in Rogat ans\u00e4ssig ist. Zuverl\u00e4ssiger, schneller und flexibler Transport f\u00fcr all Ihre Logistikbed\u00fcrfnisse. Neugierig, was wir f\u00fcr Sie tun k\u00f6nnen? Klicken Sie hier f\u00fcr alle M\u00f6glichkeiten. Unsere Dienstleistungen Bei VDS [&hellip;]","og_url":"https:\/\/www.vdstransport.nl\/de\/","og_site_name":"Van Der Sluis Transport (DE)","article_modified_time":"2025-02-24T10:47:45+00:00","twitter_card":"summary_large_image","twitter_misc":{"Est. reading time":"1 minute"},"schema":{"@context":"https:\/\/schema.org","@graph":[{"@type":"WebPage","@id":"https:\/\/www.vdstransport.nl\/de\/","url":"https:\/\/www.vdstransport.nl\/de\/","name":"Homepage - Van Der Sluis Transport (DE)","isPartOf":{"@id":"https:\/\/www.vdstransport.nl\/de\/#website"},"datePublished":"2019-12-03T19:46:47+00:00","dateModified":"2025-02-24T10:47:45+00:00","breadcrumb":{"@id":"https:\/\/www.vdstransport.nl\/de\/#breadcrumb"},"inLanguage":"en-US","potentialAction":[{"@type":"ReadAction","target":["https:\/\/www.vdstransport.nl\/de\/"]}]},{"@type":"BreadcrumbList","@id":"https:\/\/www.vdstransport.nl\/de\/#breadcrumb","itemListElement":[{"@type":"ListItem","position":1,"name":"Home","item":"https:\/\/www.vdstransport.nl\/de\/"},{"@type":"ListItem","position":2,"name":"Homepage"}]},{"@type":"WebSite","@id":"https:\/\/www.vdstransport.nl\/de\/#website","url":"https:\/\/www.vdstransport.nl\/de\/","name":"Van Der Sluis Transport (DE)","description":"","potentialAction":[{"@type":"SearchAction","target":{"@type":"EntryPoint","urlTemplate":"https:\/\/www.vdstransport.nl\/de\/?s={search_term_string}"},"query-input":{"@type":"PropertyValueSpecification","valueRequired":true,"valueName":"search_term_string"}}],"inLanguage":"en-US"}]}},"_links":{"self":[{"href":"https:\/\/www.vdstransport.nl\/de\/wp-json\/wp\/v2\/pages\/2","targetHints":{"allow":["GET"]}}],"collection":[{"href":"https:\/\/www.vdstransport.nl\/de\/wp-json\/wp\/v2\/pages"}],"about":[{"href":"https:\/\/www.vdstransport.nl\/de\/wp-json\/wp\/v2\/types\/page"}],"author":[{"embeddable":true,"href":"https:\/\/www.vdstransport.nl\/de\/wp-json\/wp\/v2\/users\/1"}],"replies":[{"embeddable":true,"href":"https:\/\/www.vdstransport.nl\/de\/wp-json\/wp\/v2\/comments?post=2"}],"version-history":[{"count":109,"href":"https:\/\/www.vdstransport.nl\/de\/wp-json\/wp\/v2\/pages\/2\/revisions"}],"predecessor-version":[{"id":896,"href":"https:\/\/www.vdstransport.nl\/de\/wp-json\/wp\/v2\/pages\/2\/revisions\/896"}],"wp:attachment":[{"href":"https:\/\/www.vdstransport.nl\/de\/wp-json\/wp\/v2\/media?parent=2"}],"curies":[{"name":"wp","href":"https:\/\/api.w.org\/{rel}","templated":true}]}}