{"id":132,"date":"2020-02-18T12:53:20","date_gmt":"2020-02-18T12:53:20","guid":{"rendered":"http:\/\/wordpress.vdstransport.blkzl.nl\/?page_id=132"},"modified":"2022-01-12T11:44:55","modified_gmt":"2022-01-12T10:44:55","slug":"lcm-expeditie","status":"publish","type":"page","link":"https:\/\/www.vdstransport.nl\/de\/lcm-expeditie\/","title":{"rendered":"LCM Expeditie"},"content":{"rendered":"<h1>\n<p style=\"text-align: center;\">LCM Expeditie<\/p>\n<\/h1>\n<p><img decoding=\"async\" src=\"wp-content\/uploads\/sites\/4\/2021\/10\/LCM-logo-JPG-2-scaled.jpg\" alt=\"\"><\/p>\n<div>\n<h4>Logistiek Centrum Meppel<\/h4>\n<\/div>\n<div>\n<p>LCM Expeditie ist eng mit VDS Transport verbunden. Die Unternehmen befinden sich in einem Geb\u00e4ude und haben denselben Direktor, arbeiten aber nach unterschiedlichen Zeitpl\u00e4nen. LCM Expeditie f\u00fchrt haupts\u00e4chlich Transporte von und nach Skandinavien durch. Hierf\u00fcr werden Tautliner und Kastenanh\u00e4nger genutzt. Da diese beiden Unternehmen eng zusammenarbeiten und \u201eout of the box\u201c denken, versuchen wir immer, gemeinsam eine L\u00f6sung zu finden.<br \/>F\u00fcr weitere Informationen klicken Sie bitte auf den folgenden Link.<\/p>\n<\/div>\n<p>\n    <a href=\"http:\/\/www.lcmexpeditie.nl \">LCM Expeditie<\/a>\n<\/p>\n<p><!-- {\"name\":\"Portfolio\",\"type\":\"layout\",\"children\":[{\"name\":\"Hero\",\"type\":\"section\",\"props\":{\"style\":\"default\",\"width\":\"large\",\"vertical_align\":\"\",\"title_position\":\"top-left\",\"title_rotation\":\"left\",\"title_breakpoint\":\"xl\",\"image_position\":\"center-center\",\"text_color\":\"\",\"width_expand\":\"\",\"height\":\"\",\"padding\":\"large\",\"header_transparent\":\"\",\"animation\":\"\",\"image_effect\":\"\",\"overlap\":false},\"children\":[{\"name\":\"\",\"type\":\"row\",\"props\":{\"layout\":\"1-1\",\"breakpoint\":\"m\",\"fixed_width\":\"large\",\"width\":\"\",\"width_expand\":\"\",\"height\":\"\",\"margin\":\"\",\"column_gap\":\"\",\"row_gap\":\"\"},\"children\":[{\"name\":\"\",\"type\":\"column\",\"props\":{\"image_position\":\"center-center\",\"vertical_align\":\"\",\"style\":\"\",\"text_color\":\"\",\"padding\":\"\",\"media_overlay_gradient\":\"\"},\"children\":[{\"name\":\"\",\"type\":\"headline\",\"props\":{\"title_element\":\"h1\",\"title_style\":\"heading-large\",\"title_decoration\":\"line\",\"title_color\":\"\",\"text_align\":\"center\",\"text_align_breakpoint\":\"\",\"text_align_fallback\":\"\",\"maxwidth\":\"\",\"maxwidth_breakpoint\":\"\",\"margin\":\"\",\"animation\":\"parallax\",\"visibility\":\"\",\"content\":\"\n\n<p style=\\\"text-align: center;\\\">LCM Expeditie<\\\/p>\",\"parallax_breakpoint\":\"m\",\"parallax_y_start\":\"0\",\"parallax_y_end\":\"-75\",\"block_align\":\"\",\"title_font_family\":\"\",\"position\":\"relative\",\"position_z_index\":\"\",\"block_align_breakpoint\":\"\",\"block_align_fallback\":\"\",\"position_top\":\"0\",\"margin_remove_top\":true,\"margin_remove_bottom\":true}}]}]}]},{\"name\":\"Portfolio\",\"type\":\"section\",\"props\":{\"style\":\"default\",\"width\":\"\",\"vertical_align\":\"\",\"title_position\":\"top-left\",\"title_rotation\":\"left\",\"title_breakpoint\":\"xl\",\"image_position\":\"center-center\",\"text_color\":\"\",\"width_expand\":\"left\",\"height\":\"\",\"padding\":\"xlarge\",\"header_transparent\":\"\",\"animation\":\"\",\"padding_remove_top\":true,\"padding_remove_bottom\":false,\"image_effect\":\"\"},\"children\":[{\"name\":\"\",\"type\":\"row\",\"props\":{\"layout\":\"2-3,1-3\",\"breakpoint\":\"l\",\"fixed_width\":\"large\",\"width\":\"default\",\"width_expand\":\"left\",\"height\":\"\",\"margin\":\"\",\"column_gap\":\"collapse\",\"row_gap\":\"collapse\",\"margin_remove_top\":false},\"children\":[{\"name\":\"\",\"type\":\"column\",\"props\":{\"image_position\":\"center-center\",\"vertical_align\":\"\",\"style\":\"\",\"text_color\":\"\",\"padding\":\"\",\"media_overlay_gradient\":\"\"},\"children\":[{\"name\":\"\",\"type\":\"image\",\"props\":{\"margin\":\"\",\"link_target\":\"\",\"image_border\":\"\",\"image_box_shadow\":\"\",\"image_hover_box_shadow\":\"\",\"image_box_decoration\":\"\",\"text_align\":\"\",\"text_align_breakpoint\":\"\",\"text_align_fallback\":\"\",\"maxwidth\":\"xxlarge\",\"maxwidth_breakpoint\":\"\",\"animation\":\"none\",\"visibility\":\"\",\"container_padding_remove\":true,\"image\":\"wp-content\\\/uploads\\\/sites\\\/4\\\/2021\\\/10\\\/LCM-logo-JPG-2-scaled.jpg\",\"image_width\":\"1140\",\"parallax_breakpoint\":\"\",\"parallax_x_end\":\"0\",\"parallax_x_start\":\"-50\",\"parallax_viewport\":\"0.8\",\"parallax_easing\":\"0.3\",\"image_svg_color\":\"emphasis\",\"block_align\":\"center\",\"position\":\"\",\"position_z_index\":\"\",\"block_align_breakpoint\":\"\",\"block_align_fallback\":\"\",\"link\":\"\",\"position_left\":\"80\"}}]},{\"name\":\"\",\"type\":\"column\",\"props\":{\"image_position\":\"center-center\",\"vertical_align\":\"\",\"style\":\"\",\"text_color\":\"\",\"padding\":\"\",\"media_overlay_gradient\":\"\"},\"children\":[{\"name\":\"\",\"type\":\"headline\",\"props\":{\"title_element\":\"div\",\"title_style\":\"\",\"title_decoration\":\"divider\",\"title_color\":\"\",\"text_align\":\"left\",\"text_align_breakpoint\":\"\",\"text_align_fallback\":\"center\",\"maxwidth\":\"\",\"maxwidth_breakpoint\":\"\",\"margin\":\"\",\"animation\":\"none\",\"visibility\":\"\",\"content\":\"\n\n<h4><br \\\/>Logistiek Centrum Meppel<\\\/h4>\",\"parallax_breakpoint\":\"\",\"parallax_x_start\":\"\",\"parallax_x_end\":\"\",\"parallax_easing\":\"\",\"margin_remove_top\":true,\"parallax_y_start\":\"0\",\"parallax_y_end\":\"-50\",\"parallax_opacity_start\":\"\",\"parallax_opacity_end\":\"\",\"parallax_viewport\":\"0.4\",\"block_align\":\"\",\"title_font_family\":\"\",\"position\":\"\",\"position_z_index\":\"\",\"block_align_breakpoint\":\"\",\"block_align_fallback\":\"\"}},{\"name\":\"\",\"type\":\"text\",\"props\":{\"margin\":\"medium\",\"column_breakpoint\":\"m\",\"text_style\":\"\",\"text_color\":\"\",\"text_size\":\"large\",\"column\":\"\",\"text_align\":\"\",\"text_align_breakpoint\":\"\",\"text_align_fallback\":\"center\",\"maxwidth\":\"xlarge\",\"maxwidth_breakpoint\":\"l\",\"animation\":\"none\",\"visibility\":\"\",\"content\":\"\n\n<p>LCM Expeditie ist eng mit VDS Transport verbunden. Die Unternehmen befinden sich in einem Geb\\u00e4ude und haben denselben Direktor, arbeiten aber nach unterschiedlichen Zeitpl\\u00e4nen. LCM Expeditie f\\u00fchrt haupts\\u00e4chlich Transporte von und nach Skandinavien durch. Hierf\\u00fcr werden Tautliner und Kastenanh\\u00e4nger genutzt. Da diese beiden Unternehmen eng zusammenarbeiten und \\u201eout of the box\\u201c denken, versuchen wir immer, gemeinsam eine L\\u00f6sung zu finden.<br \\\/>F\\u00fcr weitere Informationen klicken Sie bitte auf den folgenden Link.<\\\/p>\",\"margin_remove_top\":false,\"parallax_breakpoint\":\"\",\"parallax_x_end\":\"0\",\"parallax_x_start\":\"150\",\"parallax_easing\":\"0.3\",\"block_align\":\"\",\"position\":\"relative\",\"position_z_index\":\"\",\"block_align_breakpoint\":\"\",\"block_align_fallback\":\"\",\"position_left\":\"0\",\"margin_remove_bottom\":true}},{\"name\":\"\",\"type\":\"button\",\"props\":{\"margin\":\"\",\"button_size\":\"\",\"text_align\":\"left\",\"text_align_breakpoint\":\"m\",\"text_align_fallback\":\"center\",\"maxwidth\":\"\",\"maxwidth_breakpoint\":\"\",\"animation\":\"none\",\"visibility\":\"\",\"parallax_breakpoint\":\"\",\"parallax_x_start\":\"150\",\"parallax_x_end\":\"0\",\"parallax_easing\":\"0.3\",\"block_align\":\"\",\"grid_column_gap\":\"small\",\"grid_row_gap\":\"small\",\"position\":\"\",\"position_z_index\":\"\",\"block_align_breakpoint\":\"\",\"block_align_fallback\":\"\",\"fullwidth\":false},\"children\":[{\"name\":\"\",\"type\":\"button_item\",\"props\":{\"button_style\":\"text\",\"icon_align\":\"left\",\"link_target\":\"\",\"content\":\"LCM Expeditie\",\"link\":\"http:\\\/\\\/www.lcmexpeditie.nl \"}}]}]}]}]}],\"version\":\"1.22.8\",\"props\":[]} --><\/p>\n","protected":false},"excerpt":{"rendered":"<p>LCM Expeditie Logistiek Centrum Meppel LCM Expeditie ist eng mit VDS Transport verbunden. Die Unternehmen befinden sich in einem Geb\u00e4ude und haben denselben Direktor, arbeiten aber nach unterschiedlichen Zeitpl\u00e4nen. LCM Expeditie f\u00fchrt haupts\u00e4chlich Transporte von und nach Skandinavien durch. Hierf\u00fcr werden Tautliner und Kastenanh\u00e4nger genutzt. Da diese beiden Unternehmen eng zusammenarbeiten und \u201eout of the [&hellip;]<\/p>\n","protected":false},"author":2,"featured_media":0,"parent":0,"menu_order":0,"comment_status":"closed","ping_status":"closed","template":"","meta":{"footnotes":""},"class_list":["post-132","page","type-page","status-publish","hentry"],"yoast_head":"<!-- This site is optimized with the Yoast SEO plugin v24.2 - https:\/\/yoast.com\/wordpress\/plugins\/seo\/ -->\n<title>LCM Expeditie - Van Der Sluis Transport (DE)<\/title>\n<meta name=\"robots\" content=\"index, follow, max-snippet:-1, max-image-preview:large, max-video-preview:-1\" \/>\n<link rel=\"canonical\" href=\"https:\/\/www.vdstransport.nl\/de\/lcm-expeditie\/\" \/>\n<meta property=\"og:locale\" content=\"en_US\" \/>\n<meta property=\"og:type\" content=\"article\" \/>\n<meta property=\"og:title\" content=\"LCM Expeditie - Van Der Sluis Transport (DE)\" \/>\n<meta property=\"og:description\" content=\"LCM Expeditie Logistiek Centrum Meppel LCM Expeditie ist eng mit VDS Transport verbunden. Die Unternehmen befinden sich in einem Geb\u00e4ude und haben denselben Direktor, arbeiten aber nach unterschiedlichen Zeitpl\u00e4nen. LCM Expeditie f\u00fchrt haupts\u00e4chlich Transporte von und nach Skandinavien durch. Hierf\u00fcr werden Tautliner und Kastenanh\u00e4nger genutzt. Da diese beiden Unternehmen eng zusammenarbeiten und \u201eout of the [&hellip;]\" \/>\n<meta property=\"og:url\" content=\"https:\/\/www.vdstransport.nl\/de\/lcm-expeditie\/\" \/>\n<meta property=\"og:site_name\" content=\"Van Der Sluis Transport (DE)\" \/>\n<meta property=\"article:modified_time\" content=\"2022-01-12T10:44:55+00:00\" \/>\n<meta property=\"og:image\" content=\"http:\/\/wp-content\/uploads\/sites\/4\/2021\/10\/LCM-logo-JPG-2-scaled.jpg\" \/>\n<meta name=\"twitter:card\" content=\"summary_large_image\" \/>\n<script type=\"application\/ld+json\" class=\"yoast-schema-graph\">{\"@context\":\"https:\/\/schema.org\",\"@graph\":[{\"@type\":\"WebPage\",\"@id\":\"https:\/\/www.vdstransport.nl\/de\/lcm-expeditie\/\",\"url\":\"https:\/\/www.vdstransport.nl\/de\/lcm-expeditie\/\",\"name\":\"LCM Expeditie - Van Der Sluis Transport (DE)\",\"isPartOf\":{\"@id\":\"https:\/\/www.vdstransport.nl\/de\/#website\"},\"datePublished\":\"2020-02-18T12:53:20+00:00\",\"dateModified\":\"2022-01-12T10:44:55+00:00\",\"breadcrumb\":{\"@id\":\"https:\/\/www.vdstransport.nl\/de\/lcm-expeditie\/#breadcrumb\"},\"inLanguage\":\"en-US\",\"potentialAction\":[{\"@type\":\"ReadAction\",\"target\":[\"https:\/\/www.vdstransport.nl\/de\/lcm-expeditie\/\"]}]},{\"@type\":\"BreadcrumbList\",\"@id\":\"https:\/\/www.vdstransport.nl\/de\/lcm-expeditie\/#breadcrumb\",\"itemListElement\":[{\"@type\":\"ListItem\",\"position\":1,\"name\":\"Home\",\"item\":\"https:\/\/www.vdstransport.nl\/de\/\"},{\"@type\":\"ListItem\",\"position\":2,\"name\":\"LCM Expeditie\"}]},{\"@type\":\"WebSite\",\"@id\":\"https:\/\/www.vdstransport.nl\/de\/#website\",\"url\":\"https:\/\/www.vdstransport.nl\/de\/\",\"name\":\"Van Der Sluis Transport (DE)\",\"description\":\"\",\"potentialAction\":[{\"@type\":\"SearchAction\",\"target\":{\"@type\":\"EntryPoint\",\"urlTemplate\":\"https:\/\/www.vdstransport.nl\/de\/?s={search_term_string}\"},\"query-input\":{\"@type\":\"PropertyValueSpecification\",\"valueRequired\":true,\"valueName\":\"search_term_string\"}}],\"inLanguage\":\"en-US\"}]}<\/script>\n<!-- \/ Yoast SEO plugin. -->","yoast_head_json":{"title":"LCM Expeditie - Van Der Sluis Transport (DE)","robots":{"index":"index","follow":"follow","max-snippet":"max-snippet:-1","max-image-preview":"max-image-preview:large","max-video-preview":"max-video-preview:-1"},"canonical":"https:\/\/www.vdstransport.nl\/de\/lcm-expeditie\/","og_locale":"en_US","og_type":"article","og_title":"LCM Expeditie - Van Der Sluis Transport (DE)","og_description":"LCM Expeditie Logistiek Centrum Meppel LCM Expeditie ist eng mit VDS Transport verbunden. Die Unternehmen befinden sich in einem Geb\u00e4ude und haben denselben Direktor, arbeiten aber nach unterschiedlichen Zeitpl\u00e4nen. LCM Expeditie f\u00fchrt haupts\u00e4chlich Transporte von und nach Skandinavien durch. Hierf\u00fcr werden Tautliner und Kastenanh\u00e4nger genutzt. Da diese beiden Unternehmen eng zusammenarbeiten und \u201eout of the [&hellip;]","og_url":"https:\/\/www.vdstransport.nl\/de\/lcm-expeditie\/","og_site_name":"Van Der Sluis Transport (DE)","article_modified_time":"2022-01-12T10:44:55+00:00","og_image":[{"url":"wp-content\/uploads\/sites\/4\/2021\/10\/LCM-logo-JPG-2-scaled.jpg","type":"","width":"","height":""}],"twitter_card":"summary_large_image","schema":{"@context":"https:\/\/schema.org","@graph":[{"@type":"WebPage","@id":"https:\/\/www.vdstransport.nl\/de\/lcm-expeditie\/","url":"https:\/\/www.vdstransport.nl\/de\/lcm-expeditie\/","name":"LCM Expeditie - Van Der Sluis Transport (DE)","isPartOf":{"@id":"https:\/\/www.vdstransport.nl\/de\/#website"},"datePublished":"2020-02-18T12:53:20+00:00","dateModified":"2022-01-12T10:44:55+00:00","breadcrumb":{"@id":"https:\/\/www.vdstransport.nl\/de\/lcm-expeditie\/#breadcrumb"},"inLanguage":"en-US","potentialAction":[{"@type":"ReadAction","target":["https:\/\/www.vdstransport.nl\/de\/lcm-expeditie\/"]}]},{"@type":"BreadcrumbList","@id":"https:\/\/www.vdstransport.nl\/de\/lcm-expeditie\/#breadcrumb","itemListElement":[{"@type":"ListItem","position":1,"name":"Home","item":"https:\/\/www.vdstransport.nl\/de\/"},{"@type":"ListItem","position":2,"name":"LCM Expeditie"}]},{"@type":"WebSite","@id":"https:\/\/www.vdstransport.nl\/de\/#website","url":"https:\/\/www.vdstransport.nl\/de\/","name":"Van Der Sluis Transport (DE)","description":"","potentialAction":[{"@type":"SearchAction","target":{"@type":"EntryPoint","urlTemplate":"https:\/\/www.vdstransport.nl\/de\/?s={search_term_string}"},"query-input":{"@type":"PropertyValueSpecification","valueRequired":true,"valueName":"search_term_string"}}],"inLanguage":"en-US"}]}},"_links":{"self":[{"href":"https:\/\/www.vdstransport.nl\/de\/wp-json\/wp\/v2\/pages\/132","targetHints":{"allow":["GET"]}}],"collection":[{"href":"https:\/\/www.vdstransport.nl\/de\/wp-json\/wp\/v2\/pages"}],"about":[{"href":"https:\/\/www.vdstransport.nl\/de\/wp-json\/wp\/v2\/types\/page"}],"author":[{"embeddable":true,"href":"https:\/\/www.vdstransport.nl\/de\/wp-json\/wp\/v2\/users\/2"}],"replies":[{"embeddable":true,"href":"https:\/\/www.vdstransport.nl\/de\/wp-json\/wp\/v2\/comments?post=132"}],"version-history":[{"count":60,"href":"https:\/\/www.vdstransport.nl\/de\/wp-json\/wp\/v2\/pages\/132\/revisions"}],"predecessor-version":[{"id":888,"href":"https:\/\/www.vdstransport.nl\/de\/wp-json\/wp\/v2\/pages\/132\/revisions\/888"}],"wp:attachment":[{"href":"https:\/\/www.vdstransport.nl\/de\/wp-json\/wp\/v2\/media?parent=132"}],"curies":[{"name":"wp","href":"https:\/\/api.w.org\/{rel}","templated":true}]}}